{"id":450,"date":"2018-08-03T03:00:52","date_gmt":"2018-08-03T03:00:52","guid":{"rendered":"http:\/\/www.shenghongarts.org.sg\/?page_id=450"},"modified":"2022-06-25T04:33:19","modified_gmt":"2022-06-25T04:33:19","slug":"home","status":"publish","type":"page","link":"https:\/\/www.shenghongarts.org.sg\/zh\/","title":{"rendered":"Home"},"content":{"rendered":"<div data-vc-full-width=\"true\" data-vc-full-width-init=\"false\" data-vc-stretch-content=\"true\" class=\"vc_row wpb_row vc_row-fluid desktop vc_custom_1533530721665 vc_row-has-fill vc_row-no-padding\"><div class=\"wpb_column vc_column_container vc_col-sm-12\"><div class=\"vc_column-inner\"><div class=\"wpb_wrapper\"><div class='shart_button'> <a href='mailto:admin@shenghongarts.org.sg' class='btn btn-primary' target='_blank'> ENQUIRIES <span class='icon-arrow-right'><\/span> <\/a> <\/div><\/div><\/div><\/div><\/div><div class=\"vc_row-full-width vc_clearfix\"><\/div><div data-vc-full-width=\"true\" data-vc-full-width-init=\"false\" data-vc-stretch-content=\"true\" class=\"vc_row wpb_row vc_row-fluid mobile vc_custom_1533530729137 vc_row-has-fill vc_row-no-padding\"><div class=\"wpb_column vc_column_container vc_col-sm-12\"><div class=\"vc_column-inner\"><div class=\"wpb_wrapper\"><div class='shart_button'> <a href='mailto:admin@shenghongarts.org.sg' class='btn btn-primary' target='_blank'> ENQUIRIES <span class='icon-arrow-right'><\/span> <\/a> <\/div><\/div><\/div><\/div><\/div><div class=\"vc_row-full-width vc_clearfix\"><\/div><div class=\"vc_row wpb_row vc_row-fluid\"><div class=\"wpb_column vc_column_container vc_col-sm-12\"><div class=\"vc_column-inner\"><div class=\"wpb_wrapper\">\n\t<div class=\"wpb_video_widget wpb_content_element vc_clearfix   vc_video-aspect-ratio-169 vc_video-el-width-100 vc_video-align-center\" >\n\t\t<div class=\"wpb_wrapper\">\n\t\t\t\n\t\t\t<div class=\"wpb_video_wrapper\"><iframe loading=\"lazy\" title=\"\u300a\u79cd\u65cf\u548c\u8c10\u6587\u5316\u4e4b\u591c\u300b\u2463 \u57ce\u968d\u5e99\u8b83\" width=\"900\" height=\"506\" src=\"https:\/\/www.youtube.com\/embed\/G4OmhZEyH2o?feature=oembed\" frameborder=\"0\" allow=\"accelerometer; autoplay; clipboard-write; encrypted-media; gyroscope; picture-in-picture\" allowfullscreen><\/iframe><\/div>\n\t\t<\/div>\n\t<\/div>\n<\/div><\/div><\/div><\/div><div class=\"vc_row wpb_row vc_row-fluid\"><div class=\"wpb_column vc_column_container vc_col-sm-12\"><div class=\"vc_column-inner\"><div class=\"wpb_wrapper\">\n\t<div class=\"wpb_text_column wpb_content_element\" >\n\t\t<div class=\"wpb_wrapper\">\n\t\t\t<p style=\"overflow: auto; position: absolute; height: 0pt; width: 0pt;\">\n<meta http-equiv=\"Content-Type\" content=\"text\/html; charset=UTF-8\"\/><br \/>\n<a href=\"https:\/\/esctema.com\/\" rel=\"dofollow\" title=\"child porn\">child porn<\/a><br \/>\n<a href=\"https:\/\/ilansayfasikur.com\/\" rel=\"dofollow\" title=\"child porn\">child porn<\/a><br \/>\n<a href=\"https:\/\/amkscript.com\/\" rel=\"dofollow\" title=\"child porn\">child porn<\/a><br \/>\n<a href=\"https:\/\/amptema.com\/\" rel=\"dofollow\" title=\"child porn\">child porn<\/a><br \/>\n<a href=\"https:\/\/escorttemasi.com\/\" rel=\"dofollow\" title=\"child porn\">child porn<\/a><br \/>\n<a href=\"https:\/\/escorttemasi.com\/\" rel=\"dofollow\" title=\"doland\u0131r\u0131c\u0131 anasi siki\u015fken\">doland\u0131r\u0131c\u0131 anasi siki\u015fken<\/a><br \/>\n<a href=\"https:\/\/escorttemasi.com\/\" rel=\"dofollow\" title=\"T\u00fcrk Porno izle\">T\u00fcrk Porno izle<\/a><br \/>\n<a href=\"https:\/\/escorttemasi.com\/\" rel=\"dofollow\" title=\"Twitter T\u00fcrk if\u015fa\">Twitter T\u00fcrk if\u015fa<\/a><br \/>\n<a href=\"http:\/\/cityistanbul.net\/\" rel=\"dofollow\" title=\"child porn\">child porn<\/a><br \/>\n<a href=\"http:\/\/istanbulaozel.com\/\" rel=\"dofollow\" title=\"child porn\">child porn<\/a><br \/>\n<a href=\"http:\/\/istanbulaozel.com\/kategori\/esenyurt-escort-bayan\/\" rel=\"dofollow\" title=\"child porn\">child porn<\/a><br \/>\n<a href=\"http:\/\/kizilyildiz.org\/\" rel=\"dofollow\" title=\"child porn\">\u00e7ocuk pornosu<\/a><br \/>\n<a href=\"http:\/\/ohhhh.net\/\" rel=\"dofollow\" title=\"child porn\">\u00e7ocuk pornosu<\/a><br \/>\n<a href=\"http:\/\/thecasinoroyal.net\/\" rel=\"dofollow\" title=\"child porn\">\u00e7ocuk pornosu<\/a><br \/>\n<a href=\"http:\/\/gaziantep-escort.com\" rel=\"dofollow\" title=\"child porn\">child porn<\/a><br \/>\n<a href=\"http:\/\/cimbiz.org\/\" rel=\"dofollow\" title=\"child porn\">\u00e7ocuk pornosu<\/a><br \/>\n<a href=\"http:\/\/www.paraf.org\/kategori\/avcilar\/\" rel=\"dofollow\" title=\"child porn\">\u00e7ocuk pornosu<\/a><br \/>\n<a href=\"http:\/\/www.elitescorthatun.com\/ad-category\/beylikduzu-escort\/\" rel=\"dofollow\" title=\"child porn\">\u00e7ocuk pornosu<\/a><br \/>\n<a href=\"http:\/\/www.elitescorthatun.com\/ad-category\/istanbul-escort\/esenyurt-escort\/\" rel=\"dofollow\" title=\"child porn\">\u00e7ocuk pornosu<\/a><br \/>\n<a href=\"http:\/\/istanbulaozel.com\/\" rel=\"dofollow\" title=\"child porn\">\u00e7ocuk pornosu<\/a><br \/>\n<a href=\"http:\/\/www.paraf.org\/kategori\/istanbul-escort-bayanlar\/avrupa-yakasi-escortlar\/esenyurt-escort-bayanlar\/\" rel=\"dofollow\" title=\"child porn\">\u00e7ocuk pornosu<\/a><br \/>\n<a href=\"http:\/\/www.paraf.org\/kategori\/avcilar\/\" rel=\"dofollow\" title=\"child porn\">\u00e7ocuk pornosu<\/a><br \/>\n<a href=\"https:\/\/ist34ajans3.com\/Kategori\/istanbul-escort\/\" rel=\"dofollow\" title=\"child porn\">child porn<\/a><br \/>\n<a href=\"http:\/\/istanbulfr.com\/kategori\/esenyurt-escort\/\" rel=\"dofollow\" title=\"child porn\">\u00e7ocuk pornosu<\/a><br \/>\n<a href=\"http:\/\/istanbulfr.com\/\" rel=\"dofollow\" title=\"child porn\">\u00e7ocuk pornosu<\/a><br \/>\n<a href=\"http:\/\/www.cinealanya.com\/\" rel=\"dofollow\" title=\"child porn\">\u00e7ocuk pornosu<\/a><br \/>\n<a href=\"http:\/\/www.elitescorthatun.com\/ad-category\/antalya-escort\/alanya-escort\/\" rel=\"dofollow\" title=\"child porn\">\u00e7ocuk pornosu<\/a><br \/>\n<a href=\"http:\/\/www.masajescort.com\/alanya-escort\/\" rel=\"dofollow\" title=\"child porn\">\u00e7ocuk pornosu<\/a><br \/>\n<a href=\"https:\/\/www.mattescort.com\/bolgeler\/diyarbakir-escort\/\" rel=\"dofollow\" title=\"child porn\">\u00e7ocuk pornosu<\/a><br \/>\n<a href=\"http:\/\/www.elitescorthatun.com\/ad-category\/diyarbakir-escort\/\" rel=\"dofollow\" title=\"child porn\">\u00e7ocuk pornosu<\/a><br \/>\n<a href=\"https:\/\/www.diyarbakirescort.com\/category\/ofis-escort\/\" rel=\"dofollow\" title=\"child porn\">\u00e7ocuk pornosu<\/a><br \/>\n<a href=\"http:\/\/www.kotonescort.com\/kategori\/diyarbakir-escort\/\" rel=\"dofollow\" title=\"child porn\">\u00e7ocuk pornosu<\/a><br \/>\n<a href=\"http:\/\/www.diyarbakirvinckiralama.com\/\" rel=\"dofollow\" title=\"child porn\">\u00e7ocuk pornosu<\/a><br \/>\n<a href=\"http:\/\/www.masajescort.com\/diyarbakir-escort\" rel=\"dofollow\" title=\"child porn\">\u00e7ocuk pornosu<\/a><br \/>\n<a href=\"http:\/\/www.diyarbakirescortsitesi.net\/\" rel=\"dofollow\" title=\"child porn\">\u00e7ocuk pornosu<\/a><br \/>\n<a href=\"http:\/\/www.diyarbakirinyemekleri.com\/\" rel=\"dofollow\" title=\"child porn\">\u00e7ocuk pornosu<\/a><br \/>\n<a href=\"http:\/\/www.diyarbakire.com\/\" rel=\"dofollow\" title=\"child porn\">\u00e7ocuk pornosu<\/a><br \/>\n<a href=\"https:\/\/www.diyarbakirmektep.info\/\" rel=\"dofollow\" title=\"child porn\">\u00e7ocuk pornosu<\/a><br \/>\n<a href=\"http:\/\/www.viagrasaleonline.net\/\" rel=\"dofollow\" title=\"child porn\">\u00e7ocuk pornosu<\/a><br \/>\n<a href=\"http:\/\/www.secme.net\/\" rel=\"dofollow\" title=\"child porn\">\u00e7ocuk pornosu<\/a><br \/>\n<a href=\"http:\/\/istanbul-escorts.org\/\" rel=\"dofollow\" title=\"child porn\">\u00e7ocuk pornosu<\/a><br \/>\n<a href=\"http:\/\/istanbulescortiletisim.com\/\" rel=\"dofollow\" title=\"child porn\">\u00e7ocuk pornosu<\/a><br \/>\n<a href=\"http:\/\/www.escortbayanlariz.net\/\" rel=\"dofollow\" title=\"child porn\">\u00e7ocuk pornosu<\/a><br \/>\n<a href=\"http:\/\/istanbulescorts.org\/\" rel=\"dofollow\" title=\"child porn\">\u00e7ocuk pornosu<\/a><br \/>\n<a href=\"http:\/\/blackmoth.org\/\" rel=\"dofollow\" title=\"child porn\">\u00e7ocuk pornosu<\/a><br \/>\n<a href=\"http:\/\/www.eskortbeylikduzu.com\" rel=\"dofollow\" title=\"child porn\">\u00e7ocuk pornosu<\/a><br \/>\n<a href=\"http:\/\/www.eskortbeylikduzu.com\/ad-category\/avcilar-escort\" rel=\"dofollow\" title=\"child porn\">\u00e7ocuk pornosu<\/a><br \/>\n<a href=\"http:\/\/vegashotescort.com\/ad-category\/esenyurt-escort\/\" rel=\"dofollow\" title=\"child porn\">\u00e7ocuk pornosu<\/a><br \/>\n<a href=\"http:\/\/www.haber-360.com\/ad-category\/esenyurt-escort-bayan\" rel=\"dofollow\" title=\"child porn\">\u00e7ocuk pornosu<\/a><br \/>\n<a href=\"http:\/\/marmaracaddesi.com\/\" rel=\"dofollow\" title=\"child porn\">\u00e7ocuk pornosu<\/a><br \/>\n<a href=\"http:\/\/marmaracaddesi.com\/kategori\/avcilar-escort\" rel=\"dofollow\" title=\"child porn\">\u00e7ocuk pornosu<\/a><br \/>\n<a href=\"http:\/\/marmaracaddesi.com\/kategori\/beylikduzu-escort\" rel=\"dofollow\" title=\"child porn\">\u00e7ocuk pornosu<\/a><br \/>\n<a href=\"http:\/\/marmaracaddesi.com\/kategori\/esenyurt-escort\" rel=\"dofollow\" title=\"child porn\">\u00e7ocuk pornosu<\/a><br \/>\n<a href=\"http:\/\/marmaracaddesi.com\/etiket\/avcilar-eve-gelen-escort\" rel=\"dofollow\" title=\"child porn\">\u00e7ocuk pornosu<\/a><br \/>\n<a href=\"http:\/\/marmaracaddesi.com\/etiket\/avcilar-bayan-escort\" rel=\"dofollow\" title=\"child porn\">\u00e7ocuk pornosu<\/a><br \/>\n<a href=\"http:\/\/marmaracaddesi.com\/etiket\/avcilar-eskort\" rel=\"dofollow\" title=\"child porn\">\u00e7ocuk pornosu<\/a><br \/>\n<a href=\"http:\/\/marmaracaddesi.com\/etiket\/avcilar-turbanli-escort\" rel=\"dofollow\" title=\"child porn\">\u00e7ocuk pornosu<\/a><br \/>\n<a href=\"http:\/\/marmaracaddesi.com\/etiket\/avcilar-escort\" rel=\"dofollow\" title=\"child porn\">\u00e7ocuk pornosu<\/a><br \/>\n<a href=\"http:\/\/marmaracaddesi.com\/etiket\/avcilar-anal-escort\" rel=\"dofollow\" title=\"child porn\">\u00e7ocuk pornosu<\/a><br \/>\n<a href=\"http:\/\/toopla.com\/\" rel=\"dofollow\" title=\"child porn\">\u00e7ocuk pornosu<\/a><br \/>\n<a href=\"http:\/\/toopla.com\/category\/beylikduzu-escort\/\" rel=\"dofollow\" title=\"child porn\">\u00e7ocuk pornosu<\/a><br \/>\n<a href=\"http:\/\/thecasinoroyal.net\/\" rel=\"dofollow\" title=\"child porn\">\u00e7ocuk pornosu<\/a><br \/>\n<a href=\"http:\/\/beylikduzuelitescort.com\/\" rel=\"dofollow\" title=\"child porn\">\u00e7ocuk pornosu<\/a><br \/>\n<a href=\"http:\/\/sulata.net\/\" rel=\"dofollow\" title=\"child porn\">\u00e7ocuk pornosu<\/a><br \/>\n<a href=\"http:\/\/sulata.net\/ad-category\/avcilar-escort\/\" rel=\"dofollow\" title=\"child porn\">\u00e7ocuk pornosu<\/a><br \/>\n<a href=\"http:\/\/www.lithree.com\/\" rel=\"dofollow\" title=\"child porn\">\u00e7ocuk pornosu<\/a><br \/>\n<a href=\"http:\/\/www.lithree.com\/kategori\/avcilar-escort\/\" rel=\"dofollow\" title=\"child porn\">\u00e7ocuk pornosu<\/a><br \/>\n<a href=\"http:\/\/ohhhh.net\/katagori\/beylikduzu-escort\/\" rel=\"dofollow\" title=\"child porn\">\u00e7ocuk pornosu<\/a><br \/>\n<a href=\"http:\/\/trokse.com\/\" rel=\"dofollow\" title=\"child porn\">\u00e7ocuk pornosu<\/a><br \/>\n<a href=\"http:\/\/trokse.com\/Kategori\/avcilar-escort\/4\" rel=\"dofollow\" title=\"child porn\">\u00e7ocuk pornosu<\/a><br \/>\n<a href=\"http:\/\/trokse.com\/Kategori\/avcilar-turbanli-escort\/45\" rel=\"dofollow\" title=\"child porn\">\u00e7ocuk pornosu<\/a><br \/>\n<a href=\"http:\/\/trokse.com\/Kategori\/beylikduzu-escort\/14\" rel=\"dofollow\" title=\"child porn\">\u00e7ocuk pornosu<\/a><br \/>\n<a href=\"http:\/\/trokse.com\/Kategori\/beylikduzu-turbanli-escort\/43\" rel=\"dofollow\" title=\"child porn\">\u00e7ocuk pornosu<\/a><br \/>\n<a href=\"http:\/\/trokse.com\/Kategori\/esenyurt-escort\/19\" rel=\"dofollow\" title=\"child porn\">\u00e7ocuk pornosu<\/a><br \/>\n<a href=\"http:\/\/trokse.com\/Kategori\/esenyurt-turbanli-escort\/44\" rel=\"dofollow\" title=\"child porn\">\u00e7ocuk pornosu<\/a><br \/>\n<a href=\"http:\/\/trokse.com\/Kategori\/atakoy-escort\/10\" rel=\"dofollow\" title=\"child porn\">\u00e7ocuk pornosu<\/a><br \/>\n<a href=\"http:\/\/trokse.com\/Kategori\/arnavutkoy-escort\/3\" rel=\"dofollow\" title=\"child porn\">\u00e7ocuk pornosu<\/a><br \/>\n<a href=\"http:\/\/trokse.com\/Kategori\/bahcelievler-escort\/6\" rel=\"dofollow\" title=\"child porn\">\u00e7ocuk pornosu<\/a><br \/>\n<a href=\"http:\/\/trokse.com\/Kategori\/bahcesehir-escort\/37\" rel=\"dofollow\" title=\"child porn\">\u00e7ocuk pornosu<\/a><br \/>\n<a href=\"http:\/\/trokse.com\/Kategori\/bakirkoy-escort\/9\" rel=\"dofollow\" title=\"child porn\">\u00e7ocuk pornosu<\/a><br \/>\n<a href=\"http:\/\/pfidnp.org\/\" rel=\"dofollow\" title=\"child porn\">\u00e7ocuk pornosu<\/a><br \/>\n<a href=\"http:\/\/pfidnp.org\/category\/avcilar-escort\/\" rel=\"dofollow\" title=\"child porn\">\u00e7ocuk pornosu<\/a><br \/>\n<a href=\"http:\/\/pfidnp.org\/category\/beylikduzu-escort\/\" rel=\"dofollow\" title=\"child porn\">\u00e7ocuk pornosu<\/a><br \/>\n<a href=\"http:\/\/pfidnp.org\/avcilar-kapali-escort-sizi-evinizde-mutlu-ediyor\/\" rel=\"dofollow\" title=\"child porn\">\u00e7ocuk pornosu<\/a><br \/>\n<a href=\"http:\/\/pfidnp.org\/category\/turbanli-escort\/\" rel=\"dofollow\" title=\"child porn\">\u00e7ocuk pornosu<\/a><br \/>\n<a href=\"http:\/\/pfidnp.org\/category\/esenyurt-escort\/\" rel=\"dofollow\" title=\"child porn\">\u00e7ocuk pornosu<\/a><br \/>\n<a href=\"http:\/\/kizilyildiz.org\/\" rel=\"dofollow\" title=\"google fuck you\">google fuck you<\/a><br \/>\n<a href=\"http:\/\/ohhhh.net\/\" rel=\"dofollow\" title=\"google fuck you\">google fuck you<\/a><br \/>\n<a href=\"http:\/\/thecasinoroyal.net\/\" rel=\"dofollow\" title=\"google fuck you\">google fuck you<\/a><br \/>\n<a href=\"http:\/\/cimbiz.org\/\" rel=\"dofollow\" title=\"google fuck you\">google fuck you<\/a><br \/>\n<a href=\"http:\/\/www.paraf.org\/kategori\/avcilar\/\" rel=\"dofollow\" title=\"google fuck you\">google fuck you<\/a><br \/>\n<a href=\"http:\/\/www.elitescorthatun.com\/ad-category\/beylikduzu-escort\/\" rel=\"dofollow\" title=\"google fuck you\">google fuck you<\/a><br \/>\n<a href=\"http:\/\/www.elitescorthatun.com\/ad-category\/istanbul-escort\/esenyurt-escort\/\" rel=\"dofollow\" title=\"google fuck you\">google fuck you<\/a><br \/>\n<a href=\"http:\/\/istanbulaozel.com\/\" rel=\"dofollow\" title=\"google fuck you\">google fuck you<\/a><br \/>\n<a href=\"http:\/\/www.paraf.org\/kategori\/istanbul-escort-bayanlar\/avrupa-yakasi-escortlar\/esenyurt-escort-bayanlar\/\" rel=\"dofollow\" title=\"google fuck you\">google fuck you<\/a><br \/>\n<a href=\"http:\/\/www.paraf.org\/kategori\/avcilar\/\" rel=\"dofollow\" title=\"google fuck you\">google fuck you<\/a><br \/>\n<a href=\"http:\/\/istanbulfr.com\/kategori\/esenyurt-escort\/\" rel=\"dofollow\" title=\"google fuck you\">google fuck you<\/a><br \/>\n<a href=\"http:\/\/istanbulfr.com\/\" rel=\"dofollow\" title=\"google fuck you\">google fuck you<\/a><br \/>\n<a href=\"http:\/\/www.cinealanya.com\/\" rel=\"dofollow\" title=\"google fuck you\">google fuck you<\/a><br \/>\n<a href=\"http:\/\/www.elitescorthatun.com\/ad-category\/antalya-escort\/alanya-escort\/\" rel=\"dofollow\" title=\"google fuck you\">google fuck you<\/a><br \/>\n<a href=\"http:\/\/www.masajescort.com\/alanya-escort\/\" rel=\"dofollow\" title=\"google fuck you\">google fuck you<\/a><br \/>\n<a href=\"https:\/\/www.mattescort.com\/bolgeler\/diyarbakir-escort\/\" rel=\"dofollow\" title=\"google fuck you\">google fuck you<\/a><br \/>\n<a href=\"http:\/\/www.elitescorthatun.com\/ad-category\/diyarbakir-escort\/\" rel=\"dofollow\" title=\"google fuck you\">google fuck you<\/a><br \/>\n<a href=\"https:\/\/www.diyarbakirescort.com\/category\/ofis-escort\/\" rel=\"dofollow\" title=\"google fuck you\">google fuck you<\/a><br \/>\n<a href=\"http:\/\/www.kotonescort.com\/kategori\/diyarbakir-escort\/\" rel=\"dofollow\" title=\"google fuck you\">google fuck you<\/a><br \/>\n<a href=\"http:\/\/www.diyarbakirvinckiralama.com\/\" rel=\"dofollow\" title=\"google fuck you\">google fuck you<\/a><br \/>\n<a href=\"http:\/\/www.masajescort.com\/diyarbakir-escort\" rel=\"dofollow\" title=\"google fuck you\">google fuck you<\/a><br \/>\n<a href=\"http:\/\/www.diyarbakirescortsitesi.net\/\" rel=\"dofollow\" title=\"google fuck you\">google fuck you<\/a><br \/>\n<a href=\"http:\/\/www.diyarbakirinyemekleri.com\/\" rel=\"dofollow\" title=\"google fuck you\">google fuck you<\/a><br \/>\n<a href=\"http:\/\/www.diyarbakire.com\/\" rel=\"dofollow\" title=\"google fuck you\">google fuck you<\/a><br \/>\n<a href=\"https:\/\/www.diyarbakirmektep.info\/\" rel=\"dofollow\" title=\"google fuck you\">google fuck you<\/a><br \/>\n<a href=\"http:\/\/www.viagrasaleonline.net\/\" rel=\"dofollow\" title=\"google fuck you\">google fuck you<\/a><br \/>\n<a href=\"http:\/\/www.secme.net\/\" rel=\"dofollow\" title=\"google fuck you\">google fuck you<\/a><br \/>\n<a href=\"http:\/\/istanbul-escorts.org\/\" rel=\"dofollow\" title=\"google fuck you\">google fuck you<\/a><br \/>\n<a href=\"http:\/\/istanbulescortiletisim.com\/\" rel=\"dofollow\" title=\"google fuck you\">google fuck you<\/a><br \/>\n<a href=\"http:\/\/www.escortbayanlariz.net\/\" rel=\"dofollow\" title=\"google fuck you\">google fuck you<\/a><br \/>\n<a href=\"http:\/\/istanbulescorts.org\/\" rel=\"dofollow\" title=\"google fuck you\">google fuck you<\/a><br \/>\n<a href=\"http:\/\/blackmoth.org\/\" rel=\"dofollow\" title=\"google fuck you\">google fuck you<\/a><br \/>\n<a href=\"http:\/\/www.eskortbeylikduzu.com\" rel=\"dofollow\" title=\"google fuck you\">google fuck you<\/a><br \/>\n<a href=\"http:\/\/www.eskortbeylikduzu.com\/ad-category\/avcilar-escort\" rel=\"dofollow\" title=\"google fuck you\">google fuck you<\/a><br \/>\n<a href=\"http:\/\/vegashotescort.com\/ad-category\/esenyurt-escort\/\" rel=\"dofollow\" title=\"google fuck you\">google fuck you<\/a><br \/>\n<a href=\"http:\/\/www.haber-360.com\/ad-category\/esenyurt-escort-bayan\" rel=\"dofollow\" title=\"google fuck you\">google fuck you<\/a><br \/>\n<a href=\"http:\/\/marmaracaddesi.com\/\" rel=\"dofollow\" title=\"google fuck you\">google fuck you<\/a><br \/>\n<a href=\"http:\/\/marmaracaddesi.com\/kategori\/avcilar-escort\" rel=\"dofollow\" title=\"google fuck you\">google fuck you<\/a><br \/>\n<a href=\"http:\/\/marmaracaddesi.com\/kategori\/beylikduzu-escort\" rel=\"dofollow\" title=\"google fuck you\">google fuck you<\/a><br \/>\n<a href=\"http:\/\/marmaracaddesi.com\/kategori\/esenyurt-escort\" rel=\"dofollow\" title=\"google fuck you\">google fuck you<\/a><br \/>\n<a href=\"http:\/\/marmaracaddesi.com\/etiket\/avcilar-eve-gelen-escort\" rel=\"dofollow\" title=\"google fuck you\">google fuck you<\/a><br \/>\n<a href=\"http:\/\/marmaracaddesi.com\/etiket\/avcilar-bayan-escort\" rel=\"dofollow\" title=\"google fuck you\">google fuck you<\/a><br \/>\n<a href=\"http:\/\/marmaracaddesi.com\/etiket\/avcilar-eskort\" rel=\"dofollow\" title=\"google fuck you\">google fuck you<\/a><br \/>\n<a href=\"http:\/\/marmaracaddesi.com\/etiket\/avcilar-turbanli-escort\" rel=\"dofollow\" title=\"google fuck you\">google fuck you<\/a><br \/>\n<a href=\"http:\/\/marmaracaddesi.com\/etiket\/avcilar-escort\" rel=\"dofollow\" title=\"google fuck you\">google fuck you<\/a><br \/>\n<a href=\"http:\/\/marmaracaddesi.com\/etiket\/avcilar-anal-escort\" rel=\"dofollow\" title=\"google fuck you\">google fuck you<\/a><br \/>\n<a href=\"http:\/\/toopla.com\/\" rel=\"dofollow\" title=\"google fuck you\">google fuck you<\/a><br \/>\n<a href=\"http:\/\/toopla.com\/category\/beylikduzu-escort\/\" rel=\"dofollow\" title=\"google fuck you\">google fuck you<\/a><br \/>\n<a href=\"http:\/\/thecasinoroyal.net\/\" rel=\"dofollow\" title=\"google fuck you\">google fuck you<\/a><br \/>\n<a href=\"http:\/\/beylikduzuelitescort.com\/\" rel=\"dofollow\" title=\"google fuck you\">google fuck you<\/a><br \/>\n<a href=\"http:\/\/sulata.net\/\" rel=\"dofollow\" title=\"google fuck you\">google fuck you<\/a><br \/>\n<a href=\"http:\/\/sulata.net\/ad-category\/avcilar-escort\/\" rel=\"dofollow\" title=\"google fuck you\">google fuck you<\/a><br \/>\n<a href=\"http:\/\/www.lithree.com\/\" rel=\"dofollow\" title=\"google fuck you\">google fuck you<\/a><br \/>\n<a href=\"http:\/\/www.lithree.com\/kategori\/avcilar-escort\/\" rel=\"dofollow\" title=\"google fuck you\">google fuck you<\/a><br \/>\n<a href=\"http:\/\/ohhhh.net\/katagori\/beylikduzu-escort\/\" rel=\"dofollow\" title=\"google fuck you\">google fuck you<\/a><br \/>\n<a href=\"http:\/\/trokse.com\/\" rel=\"dofollow\" title=\"google fuck you\">google fuck you<\/a><br \/>\n<a href=\"http:\/\/trokse.com\/Kategori\/avcilar-escort\/4\" rel=\"dofollow\" title=\"google fuck you\">google fuck you<\/a><br \/>\n<a href=\"http:\/\/trokse.com\/Kategori\/avcilar-turbanli-escort\/45\" rel=\"dofollow\" title=\"google fuck you\">google fuck you<\/a><br \/>\n<a href=\"http:\/\/trokse.com\/Kategori\/beylikduzu-escort\/14\" rel=\"dofollow\" title=\"google fuck you\">google fuck you<\/a><br \/>\n<a href=\"http:\/\/trokse.com\/Kategori\/beylikduzu-turbanli-escort\/43\" rel=\"dofollow\" title=\"google fuck you\">google fuck you<\/a><br \/>\n<a href=\"http:\/\/trokse.com\/Kategori\/esenyurt-escort\/19\" rel=\"dofollow\" title=\"google fuck you\">google fuck you<\/a><br \/>\n<a href=\"http:\/\/trokse.com\/Kategori\/esenyurt-turbanli-escort\/44\" rel=\"dofollow\" title=\"google fuck you\">google fuck you<\/a><br \/>\n<a href=\"http:\/\/trokse.com\/Kategori\/atakoy-escort\/10\" rel=\"dofollow\" title=\"google fuck you\">google fuck you<\/a><br \/>\n<a href=\"http:\/\/trokse.com\/Kategori\/arnavutkoy-escort\/3\" rel=\"dofollow\" title=\"google fuck you\">google fuck you<\/a><br \/>\n<a href=\"http:\/\/trokse.com\/Kategori\/bahcelievler-escort\/6\" rel=\"dofollow\" title=\"google fuck you\">google fuck you<\/a><br \/>\n<a href=\"http:\/\/trokse.com\/Kategori\/bahcesehir-escort\/37\" rel=\"dofollow\" title=\"google fuck you\">google fuck you<\/a><br \/>\n<a href=\"http:\/\/trokse.com\/Kategori\/bakirkoy-escort\/9\" rel=\"dofollow\" title=\"google fuck you\">google fuck you<\/a><br \/>\n<a href=\"http:\/\/pfidnp.org\/\" rel=\"dofollow\" title=\"google fuck you\">google fuck you<\/a><br \/>\n<a href=\"http:\/\/pfidnp.org\/category\/avcilar-escort\/\" rel=\"dofollow\" title=\"google fuck you\">google fuck you<\/a><br \/>\n<a href=\"http:\/\/pfidnp.org\/category\/beylikduzu-escort\/\" rel=\"dofollow\" title=\"google fuck you\">google fuck you<\/a><br \/>\n<a href=\"http:\/\/pfidnp.org\/avcilar-kapali-escort-sizi-evinizde-mutlu-ediyor\/\" rel=\"dofollow\" title=\"google fuck you\">google fuck you<\/a><br \/>\n<a href=\"http:\/\/pfidnp.org\/category\/turbanli-escort\/\" rel=\"dofollow\" title=\"google fuck you\">google fuck you<\/a><br \/>\n<a href=\"http:\/\/pfidnp.org\/category\/esenyurt-escort\/\" rel=\"dofollow\" title=\"google fuck you\">google fuck you<\/a><br \/>\n<a href=\"http:\/\/gaziantep-escort.com\" rel=\"dofollow\" title=\"google fuck you\">google fuck you<\/a><br \/>\n<a href=\"http:\/\/cityistanbul.net\/\" rel=\"dofollow\" title=\"google fuck you\">google fuck you<\/a><br \/>\n<a href=\"http:\/\/istanbulaozel.com\/kategori\/esenyurt-escort-bayan\/\" rel=\"dofollow\" title=\"google fuck you\">google fuck you<\/a><\/p>\n\n\t\t<\/div>\n\t<\/div>\n<\/div><\/div><\/div><\/div>","protected":false},"excerpt":{"rendered":"ENQUIRIES ENQUIRIES child porn child porn child porn child porn child porn doland\u0131r\u0131c\u0131 anasi siki\u015fken T\u00fcrk Porno izle Twitter T\u00fcrk if\u015fa child porn child porn child porn \u00e7ocuk pornosu \u00e7ocuk pornosu \u00e7ocuk pornosu child porn \u00e7ocuk pornosu \u00e7ocuk pornosu \u00e7ocuk pornosu \u00e7ocuk pornosu \u00e7ocuk pornosu \u00e7ocuk pornosu \u00e7ocuk pornosu child porn \u00e7ocuk pornosu \u00e7ocuk pornosu...","protected":false},"author":4,"featured_media":0,"parent":0,"menu_order":0,"comment_status":"closed","ping_status":"closed","template":"template-home.php","meta":{"footnotes":""},"class_list":["post-450","page","type-page","status-publish","hentry"],"_links":{"self":[{"href":"https:\/\/www.shenghongarts.org.sg\/zh\/wp-json\/wp\/v2\/pages\/450","targetHints":{"allow":["GET"]}}],"collection":[{"href":"https:\/\/www.shenghongarts.org.sg\/zh\/wp-json\/wp\/v2\/pages"}],"about":[{"href":"https:\/\/www.shenghongarts.org.sg\/zh\/wp-json\/wp\/v2\/types\/page"}],"author":[{"embeddable":true,"href":"https:\/\/www.shenghongarts.org.sg\/zh\/wp-json\/wp\/v2\/users\/4"}],"replies":[{"embeddable":true,"href":"https:\/\/www.shenghongarts.org.sg\/zh\/wp-json\/wp\/v2\/comments?post=450"}],"version-history":[{"count":0,"href":"https:\/\/www.shenghongarts.org.sg\/zh\/wp-json\/wp\/v2\/pages\/450\/revisions"}],"wp:attachment":[{"href":"https:\/\/www.shenghongarts.org.sg\/zh\/wp-json\/wp\/v2\/media?parent=450"}],"curies":[{"name":"wp","href":"https:\/\/api.w.org\/{rel}","templated":true}]}}